{"id":16,"date":"2021-11-21T15:14:44","date_gmt":"2021-11-21T15:14:44","guid":{"rendered":"http:\/\/holisante.com\/index.php\/contact\/"},"modified":"2026-03-26T15:42:13","modified_gmt":"2026-03-26T14:42:13","slug":"contact","status":"publish","type":"page","link":"https:\/\/holisante.com\/index.php\/contact\/","title":{"rendered":"Contact"},"content":{"rendered":"\t\t<div data-elementor-type=\"wp-page\" data-elementor-id=\"16\" class=\"elementor elementor-16\">\n\t\t\t\t\t\t<section class=\"elementor-section elementor-top-section elementor-element elementor-element-27ad7be elementor-section-boxed elementor-section-height-default elementor-section-height-default\" data-id=\"27ad7be\" data-element_type=\"section\" data-e-type=\"section\" data-settings=\"{&quot;background_background&quot;:&quot;classic&quot;,&quot;shape_divider_bottom&quot;:&quot;opacity-tilt&quot;}\">\n\t\t\t\t\t<div class=\"elementor-shape elementor-shape-bottom\" aria-hidden=\"true\" data-negative=\"false\">\n\t\t\t<svg xmlns=\"http:\/\/www.w3.org\/2000\/svg\" viewBox=\"0 0 2600 131.1\" preserveAspectRatio=\"none\">\n\t<path class=\"elementor-shape-fill\" d=\"M0 0L2600 0 2600 69.1 0 0z\"\/>\n\t<path class=\"elementor-shape-fill\" style=\"opacity:0.5\" d=\"M0 0L2600 0 2600 69.1 0 69.1z\"\/>\n\t<path class=\"elementor-shape-fill\" style=\"opacity:0.25\" d=\"M2600 0L0 0 0 130.1 2600 69.1z\"\/>\n<\/svg>\t\t<\/div>\n\t\t\t\t\t<div class=\"elementor-container elementor-column-gap-no\">\n\t\t\t\t\t<div class=\"elementor-column elementor-col-100 elementor-top-column elementor-element elementor-element-c3b4893\" data-id=\"c3b4893\" data-element_type=\"column\" data-e-type=\"column\">\n\t\t\t<div class=\"elementor-widget-wrap elementor-element-populated\">\n\t\t\t\t\t\t<div class=\"elementor-element elementor-element-7d71261 elementor-widget elementor-widget-spacer\" data-id=\"7d71261\" data-element_type=\"widget\" data-e-type=\"widget\" data-widget_type=\"spacer.default\">\n\t\t\t\t<div class=\"elementor-widget-container\">\n\t\t\t\t\t\t\t<div class=\"elementor-spacer\">\n\t\t\t<div class=\"elementor-spacer-inner\"><\/div>\n\t\t<\/div>\n\t\t\t\t\t\t<\/div>\n\t\t\t\t<\/div>\n\t\t\t\t\t<\/div>\n\t\t<\/div>\n\t\t\t\t\t<\/div>\n\t\t<\/section>\n\t\t\t\t<section class=\"elementor-section elementor-top-section elementor-element elementor-element-wxaxxz4 elementor-section-full_width elementor-section-content-middle elementor-section-height-default elementor-section-height-default\" data-id=\"wxaxxz4\" data-element_type=\"section\" data-e-type=\"section\">\n\t\t\t\t\t\t<div class=\"elementor-container elementor-column-gap-no\">\n\t\t\t\t\t<div class=\"elementor-column elementor-col-100 elementor-top-column elementor-element elementor-element-03fbf6a\" data-id=\"03fbf6a\" data-element_type=\"column\" data-e-type=\"column\" data-settings=\"{&quot;background_background&quot;:&quot;classic&quot;}\">\n\t\t\t<div class=\"elementor-widget-wrap elementor-element-populated\">\n\t\t\t\t\t\t<div class=\"elementor-element elementor-element-cc22290 elementor-view-stacked elementor-shape-square elementor-widget elementor-widget-icon\" data-id=\"cc22290\" data-element_type=\"widget\" data-e-type=\"widget\" data-widget_type=\"icon.default\">\n\t\t\t\t<div class=\"elementor-widget-container\">\n\t\t\t\t\t\t\t<div class=\"elementor-icon-wrapper\">\n\t\t\t<div class=\"elementor-icon\">\n\t\t\t<i aria-hidden=\"true\" class=\"fas fa-map-marker-alt\"><\/i>\t\t\t<\/div>\n\t\t<\/div>\n\t\t\t\t\t\t<\/div>\n\t\t\t\t<\/div>\n\t\t\t\t<div class=\"elementor-element elementor-element-4e25c56 elementor-widget elementor-widget-heading\" data-id=\"4e25c56\" data-element_type=\"widget\" data-e-type=\"widget\" data-widget_type=\"heading.default\">\n\t\t\t\t<div class=\"elementor-widget-container\">\n\t\t\t\t\t<h2 class=\"elementor-heading-title elementor-size-default\">Centre Holisant\u00e9<\/h2>\t\t\t\t<\/div>\n\t\t\t\t<\/div>\n\t\t\t\t<div class=\"elementor-element elementor-element-640f022 elementor-widget elementor-widget-text-editor\" data-id=\"640f022\" data-element_type=\"widget\" data-e-type=\"widget\" data-widget_type=\"text-editor.default\">\n\t\t\t\t<div class=\"elementor-widget-container\">\n\t\t\t\t\t\t\t\t\t<p>114 Imp. du Lanfonnet, 74410 Saint-Jorioz<\/p>\t\t\t\t\t\t\t\t<\/div>\n\t\t\t\t<\/div>\n\t\t\t\t<section class=\"elementor-section elementor-inner-section elementor-element elementor-element-06ad791 elementor-section-boxed elementor-section-height-default elementor-section-height-default\" data-id=\"06ad791\" data-element_type=\"section\" data-e-type=\"section\">\n\t\t\t\t\t\t<div class=\"elementor-container elementor-column-gap-no\">\n\t\t\t\t\t<div class=\"elementor-column elementor-col-100 elementor-inner-column elementor-element elementor-element-d667449\" data-id=\"d667449\" data-element_type=\"column\" data-e-type=\"column\">\n\t\t\t<div class=\"elementor-widget-wrap elementor-element-populated\">\n\t\t\t\t\t\t<div class=\"elementor-element elementor-element-6e43988 elementor-widget elementor-widget-heading\" data-id=\"6e43988\" data-element_type=\"widget\" data-e-type=\"widget\" data-widget_type=\"heading.default\">\n\t\t\t\t<div class=\"elementor-widget-container\">\n\t\t\t\t\t<h3 class=\"elementor-heading-title elementor-size-default\">Eric Colomb\u00a0:<\/h3>\t\t\t\t<\/div>\n\t\t\t\t<\/div>\n\t\t\t\t<div class=\"elementor-element elementor-element-2e52ee4 elementor-icon-list--layout-traditional elementor-list-item-link-full_width elementor-widget elementor-widget-icon-list\" data-id=\"2e52ee4\" data-element_type=\"widget\" data-e-type=\"widget\" data-widget_type=\"icon-list.default\">\n\t\t\t\t<div class=\"elementor-widget-container\">\n\t\t\t\t\t\t\t<ul class=\"elementor-icon-list-items\">\n\t\t\t\t\t\t\t<li class=\"elementor-icon-list-item\">\n\t\t\t\t\t\t\t\t\t\t\t<span class=\"elementor-icon-list-icon\">\n\t\t\t\t\t\t\t<i aria-hidden=\"true\" class=\"fas fa-envelope\"><\/i>\t\t\t\t\t\t<\/span>\n\t\t\t\t\t\t\t\t\t\t<span class=\"elementor-icon-list-text\">caberic@live.fr<\/span>\n\t\t\t\t\t\t\t\t\t<\/li>\n\t\t\t\t\t\t\t\t<li class=\"elementor-icon-list-item\">\n\t\t\t\t\t\t\t\t\t\t\t<span class=\"elementor-icon-list-icon\">\n\t\t\t\t\t\t\t<i aria-hidden=\"true\" class=\"fas fa-phone-alt\"><\/i>\t\t\t\t\t\t<\/span>\n\t\t\t\t\t\t\t\t\t\t<span class=\"elementor-icon-list-text\">+33 6 61 72 26 15<\/span>\n\t\t\t\t\t\t\t\t\t<\/li>\n\t\t\t\t\t\t<\/ul>\n\t\t\t\t\t\t<\/div>\n\t\t\t\t<\/div>\n\t\t\t\t<div class=\"elementor-element elementor-element-3f987e2 elementor-icon-list--layout-traditional elementor-list-item-link-full_width elementor-widget elementor-widget-icon-list\" data-id=\"3f987e2\" data-element_type=\"widget\" data-e-type=\"widget\" data-widget_type=\"icon-list.default\">\n\t\t\t\t<div class=\"elementor-widget-container\">\n\t\t\t\t\t\t\t<ul class=\"elementor-icon-list-items\">\n\t\t\t\t\t\t\t<li class=\"elementor-icon-list-item\">\n\t\t\t\t\t\t\t\t\t\t<span class=\"elementor-icon-list-text\">Prix de la consultation : <\/span>\n\t\t\t\t\t\t\t\t\t<\/li>\n\t\t\t\t\t\t\t\t<li class=\"elementor-icon-list-item\">\n\t\t\t\t\t\t\t\t\t\t<span class=\"elementor-icon-list-text\">M\u00e9decine traditionnelle chinoise : 70\u20ac<\/span>\n\t\t\t\t\t\t\t\t\t<\/li>\n\t\t\t\t\t\t\t\t<li class=\"elementor-icon-list-item\">\n\t\t\t\t\t\t\t\t\t\t<span class=\"elementor-icon-list-text\">Massage Lomi Lomi : 80\u20ac<\/span>\n\t\t\t\t\t\t\t\t\t<\/li>\n\t\t\t\t\t\t\t\t<li class=\"elementor-icon-list-item\">\n\t\t\t\t\t\t\t\t\t\t<span class=\"elementor-icon-list-text\">La carte bancaire n'est pas accept\u00e9e<\/span>\n\t\t\t\t\t\t\t\t\t<\/li>\n\t\t\t\t\t\t<\/ul>\n\t\t\t\t\t\t<\/div>\n\t\t\t\t<\/div>\n\t\t\t\t\t<\/div>\n\t\t<\/div>\n\t\t\t\t\t<\/div>\n\t\t<\/section>\n\t\t\t\t<div class=\"elementor-element elementor-element-7ccfd26 elementor-align-center elementor-widget elementor-widget-button\" data-id=\"7ccfd26\" data-element_type=\"widget\" data-e-type=\"widget\" data-widget_type=\"button.default\">\n\t\t\t\t<div class=\"elementor-widget-container\">\n\t\t\t\t\t\t\t\t\t<div class=\"elementor-button-wrapper\">\n\t\t\t\t\t<a class=\"elementor-button elementor-button-link elementor-size-sm elementor-animation-shrink\" href=\"http:\/\/holisante.com\/index.php\/rendez-vous-en-ligne\/\">\n\t\t\t\t\t\t<span class=\"elementor-button-content-wrapper\">\n\t\t\t\t\t\t\t\t\t<span class=\"elementor-button-text\">R\u00e9server en ligne<\/span>\n\t\t\t\t\t<\/span>\n\t\t\t\t\t<\/a>\n\t\t\t\t<\/div>\n\t\t\t\t\t\t\t\t<\/div>\n\t\t\t\t<\/div>\n\t\t\t\t\t<\/div>\n\t\t<\/div>\n\t\t\t\t\t<\/div>\n\t\t<\/section>\n\t\t\t\t<section class=\"elementor-section elementor-top-section elementor-element elementor-element-74748d1 elementor-section-boxed elementor-section-height-default elementor-section-height-default\" data-id=\"74748d1\" data-element_type=\"section\" data-e-type=\"section\">\n\t\t\t\t\t\t<div class=\"elementor-container elementor-column-gap-default\">\n\t\t\t\t\t<div class=\"elementor-column elementor-col-100 elementor-top-column elementor-element elementor-element-9172686\" data-id=\"9172686\" data-element_type=\"column\" data-e-type=\"column\">\n\t\t\t<div class=\"elementor-widget-wrap elementor-element-populated\">\n\t\t\t\t\t\t<div class=\"elementor-element elementor-element-b9376d4 elementor-widget elementor-widget-google_maps\" data-id=\"b9376d4\" data-element_type=\"widget\" data-e-type=\"widget\" data-widget_type=\"google_maps.default\">\n\t\t\t\t<div class=\"elementor-widget-container\">\n\t\t\t\t\t\t\t<div class=\"elementor-custom-embed\">\n\t\t\t<iframe loading=\"lazy\"\n\t\t\t\t\tsrc=\"https:\/\/maps.google.com\/maps?q=114%20Imp.%20du%20Lanfonnet%2C%2074410%20Saint-Jorioz&#038;t=m&#038;z=9&#038;output=embed&#038;iwloc=near\"\n\t\t\t\t\ttitle=\"114 Imp. du Lanfonnet, 74410 Saint-Jorioz\"\n\t\t\t\t\taria-label=\"114 Imp. du Lanfonnet, 74410 Saint-Jorioz\"\n\t\t\t><\/iframe>\n\t\t<\/div>\n\t\t\t\t\t\t<\/div>\n\t\t\t\t<\/div>\n\t\t\t\t\t<\/div>\n\t\t<\/div>\n\t\t\t\t\t<\/div>\n\t\t<\/section>\n\t\t\t\t<section class=\"elementor-section elementor-top-section elementor-element elementor-element-at84mnc elementor-section-boxed elementor-section-height-default elementor-section-height-default\" data-id=\"at84mnc\" data-element_type=\"section\" data-e-type=\"section\" data-settings=\"{&quot;background_background&quot;:&quot;classic&quot;}\">\n\t\t\t\t\t\t<div class=\"elementor-container elementor-column-gap-default\">\n\t\t\t\t\t<div class=\"elementor-column elementor-col-100 elementor-top-column elementor-element elementor-element-517810a elementor-hidden-desktop elementor-hidden-tablet elementor-hidden-mobile\" data-id=\"517810a\" data-element_type=\"column\" data-e-type=\"column\">\n\t\t\t<div class=\"elementor-widget-wrap elementor-element-populated\">\n\t\t\t\t\t\t<div class=\"elementor-element elementor-element-68b25a5 elementor-widget elementor-widget-heading\" data-id=\"68b25a5\" data-element_type=\"widget\" data-e-type=\"widget\" data-widget_type=\"heading.default\">\n\t\t\t\t<div class=\"elementor-widget-container\">\n\t\t\t\t\t<h2 class=\"elementor-heading-title elementor-size-default\">Nos Th\u00e9rapeutes<\/h2>\t\t\t\t<\/div>\n\t\t\t\t<\/div>\n\t\t\t\t<div class=\"elementor-element elementor-element-d2335e9 elementor-widget elementor-widget-spacer\" data-id=\"d2335e9\" data-element_type=\"widget\" data-e-type=\"widget\" data-widget_type=\"spacer.default\">\n\t\t\t\t<div class=\"elementor-widget-container\">\n\t\t\t\t\t\t\t<div class=\"elementor-spacer\">\n\t\t\t<div class=\"elementor-spacer-inner\"><\/div>\n\t\t<\/div>\n\t\t\t\t\t\t<\/div>\n\t\t\t\t<\/div>\n\t\t\t\t<section class=\"elementor-section elementor-inner-section elementor-element elementor-element-6bd9ec6 elementor-section-boxed elementor-section-height-default elementor-section-height-default\" data-id=\"6bd9ec6\" data-element_type=\"section\" data-e-type=\"section\">\n\t\t\t\t\t\t<div class=\"elementor-container elementor-column-gap-default\">\n\t\t\t\t\t<div class=\"elementor-column elementor-col-100 elementor-inner-column elementor-element elementor-element-9044d82\" data-id=\"9044d82\" data-element_type=\"column\" data-e-type=\"column\">\n\t\t\t<div class=\"elementor-widget-wrap elementor-element-populated\">\n\t\t\t\t\t\t<div class=\"elementor-element elementor-element-e1eb63d elementor-widget elementor-widget-image\" data-id=\"e1eb63d\" data-element_type=\"widget\" data-e-type=\"widget\" data-widget_type=\"image.default\">\n\t\t\t\t<div class=\"elementor-widget-container\">\n\t\t\t\t\t\t\t\t\t\t\t\t\t\t\t<img decoding=\"async\" src=\"https:\/\/holisante.com\/wp-content\/uploads\/2022\/03\/Eric-Colomb-square.jpg\" title=\"Eric Colomb-square\" alt=\"Eric Colomb-square\" loading=\"lazy\" \/>\t\t\t\t\t\t\t\t\t\t\t\t\t\t\t<\/div>\n\t\t\t\t<\/div>\n\t\t\t\t<div class=\"elementor-element elementor-element-6a365a3 elementor-widget elementor-widget-heading\" data-id=\"6a365a3\" data-element_type=\"widget\" data-e-type=\"widget\" data-widget_type=\"heading.default\">\n\t\t\t\t<div class=\"elementor-widget-container\">\n\t\t\t\t\t<h4 class=\"elementor-heading-title elementor-size-default\">Eric Colomb<\/h4>\t\t\t\t<\/div>\n\t\t\t\t<\/div>\n\t\t\t\t<div class=\"elementor-element elementor-element-ca501c8 elementor-widget elementor-widget-heading\" data-id=\"ca501c8\" data-element_type=\"widget\" data-e-type=\"widget\" data-widget_type=\"heading.default\">\n\t\t\t\t<div class=\"elementor-widget-container\">\n\t\t\t\t\t<p class=\"elementor-heading-title elementor-size-default\">Th\u00e9rapeute<\/p>\t\t\t\t<\/div>\n\t\t\t\t<\/div>\n\t\t\t\t<div class=\"elementor-element elementor-element-5b3381f elementor-widget-divider--view-line elementor-widget elementor-widget-divider\" data-id=\"5b3381f\" data-element_type=\"widget\" data-e-type=\"widget\" data-widget_type=\"divider.default\">\n\t\t\t\t<div class=\"elementor-widget-container\">\n\t\t\t\t\t\t\t<div class=\"elementor-divider\">\n\t\t\t<span class=\"elementor-divider-separator\">\n\t\t\t\t\t\t<\/span>\n\t\t<\/div>\n\t\t\t\t\t\t<\/div>\n\t\t\t\t<\/div>\n\t\t\t\t\t<\/div>\n\t\t<\/div>\n\t\t\t\t\t<\/div>\n\t\t<\/section>\n\t\t\t\t\t<\/div>\n\t\t<\/div>\n\t\t\t\t\t<\/div>\n\t\t<\/section>\n\t\t\t\t<\/div>\n\t\t","protected":false},"excerpt":{"rendered":"<p>Centre Holisant\u00e9 114 Imp. du Lanfonnet, 74410 Saint-Jorioz Eric Colomb\u00a0: caberic@live.fr +33 6 61 72 26 15 Prix de la consultation : M\u00e9decine traditionnelle chinoise : 70\u20ac Massage Lomi Lomi : 80\u20ac La carte bancaire n&#8217;est pas accept\u00e9e R\u00e9server en ligne Nos Th\u00e9rapeutes Eric Colomb Th\u00e9rapeute<\/p>\n","protected":false},"author":1,"featured_media":0,"parent":0,"menu_order":0,"comment_status":"closed","ping_status":"closed","template":"","meta":{"site-sidebar-layout":"no-sidebar","site-content-layout":"page-builder","ast-main-header-display":"","ast-hfb-above-header-display":"","ast-hfb-below-header-display":"","ast-hfb-mobile-header-display":"","site-post-title":"disabled","ast-breadcrumbs-content":"","ast-featured-img":"disabled","footer-sml-layout":"","theme-transparent-header-meta":"enabled","adv-header-id-meta":"","stick-header-meta":"","header-above-stick-meta":"","header-main-stick-meta":"","header-below-stick-meta":"","footnotes":""},"class_list":["post-16","page","type-page","status-publish","hentry"],"yoast_head":"<!-- This site is optimized with the Yoast SEO plugin v27.4 - https:\/\/yoast.com\/product\/yoast-seo-wordpress\/ -->\n<title>Contact - Centre Holisant\u00e9<\/title>\n<meta name=\"robots\" content=\"index, follow, max-snippet:-1, max-image-preview:large, max-video-preview:-1\" \/>\n<link rel=\"canonical\" href=\"https:\/\/holisante.com\/index.php\/contact\/\" \/>\n<meta property=\"og:locale\" content=\"en_US\" \/>\n<meta property=\"og:type\" content=\"article\" \/>\n<meta property=\"og:title\" content=\"Contact - Centre Holisant\u00e9\" \/>\n<meta property=\"og:description\" content=\"Centre Holisant\u00e9 114 Imp. du Lanfonnet, 74410 Saint-Jorioz Eric Colomb\u00a0: caberic@live.fr +33 6 61 72 26 15 Prix de la consultation : M\u00e9decine traditionnelle chinoise : 70\u20ac Massage Lomi Lomi : 80\u20ac La carte bancaire n&#8217;est pas accept\u00e9e R\u00e9server en ligne Nos Th\u00e9rapeutes Eric Colomb Th\u00e9rapeute\" \/>\n<meta property=\"og:url\" content=\"https:\/\/holisante.com\/index.php\/contact\/\" \/>\n<meta property=\"og:site_name\" content=\"Centre Holisant\u00e9\" \/>\n<meta property=\"article:modified_time\" content=\"2026-03-26T14:42:13+00:00\" \/>\n<meta property=\"og:image\" content=\"http:\/\/holisante.com\/wp-content\/uploads\/elementor\/thumbs\/Eric-Colomb-square-pmhstauibn68eowm9hi1rxd9ij40834pm5czkxi8g4.jpg\" \/>\n<meta name=\"twitter:card\" content=\"summary_large_image\" \/>\n<meta name=\"twitter:label1\" content=\"Est. reading time\" \/>\n\t<meta name=\"twitter:data1\" content=\"1 minute\" \/>\n<script type=\"application\/ld+json\" class=\"yoast-schema-graph\">{\"@context\":\"https:\\\/\\\/schema.org\",\"@graph\":[{\"@type\":\"WebPage\",\"@id\":\"https:\\\/\\\/holisante.com\\\/index.php\\\/contact\\\/\",\"url\":\"https:\\\/\\\/holisante.com\\\/index.php\\\/contact\\\/\",\"name\":\"Contact - Centre Holisant\u00e9\",\"isPartOf\":{\"@id\":\"https:\\\/\\\/holisante.com\\\/#website\"},\"primaryImageOfPage\":{\"@id\":\"https:\\\/\\\/holisante.com\\\/index.php\\\/contact\\\/#primaryimage\"},\"image\":{\"@id\":\"https:\\\/\\\/holisante.com\\\/index.php\\\/contact\\\/#primaryimage\"},\"thumbnailUrl\":\"http:\\\/\\\/holisante.com\\\/wp-content\\\/uploads\\\/elementor\\\/thumbs\\\/Eric-Colomb-square-pmhstauibn68eowm9hi1rxd9ij40834pm5czkxi8g4.jpg\",\"datePublished\":\"2021-11-21T15:14:44+00:00\",\"dateModified\":\"2026-03-26T14:42:13+00:00\",\"breadcrumb\":{\"@id\":\"https:\\\/\\\/holisante.com\\\/index.php\\\/contact\\\/#breadcrumb\"},\"inLanguage\":\"en-US\",\"potentialAction\":[{\"@type\":\"ReadAction\",\"target\":[\"https:\\\/\\\/holisante.com\\\/index.php\\\/contact\\\/\"]}]},{\"@type\":\"ImageObject\",\"inLanguage\":\"en-US\",\"@id\":\"https:\\\/\\\/holisante.com\\\/index.php\\\/contact\\\/#primaryimage\",\"url\":\"http:\\\/\\\/holisante.com\\\/wp-content\\\/uploads\\\/elementor\\\/thumbs\\\/Eric-Colomb-square-pmhstauibn68eowm9hi1rxd9ij40834pm5czkxi8g4.jpg\",\"contentUrl\":\"http:\\\/\\\/holisante.com\\\/wp-content\\\/uploads\\\/elementor\\\/thumbs\\\/Eric-Colomb-square-pmhstauibn68eowm9hi1rxd9ij40834pm5czkxi8g4.jpg\"},{\"@type\":\"BreadcrumbList\",\"@id\":\"https:\\\/\\\/holisante.com\\\/index.php\\\/contact\\\/#breadcrumb\",\"itemListElement\":[{\"@type\":\"ListItem\",\"position\":1,\"name\":\"Home\",\"item\":\"https:\\\/\\\/holisante.com\\\/\"},{\"@type\":\"ListItem\",\"position\":2,\"name\":\"Contact\"}]},{\"@type\":\"WebSite\",\"@id\":\"https:\\\/\\\/holisante.com\\\/#website\",\"url\":\"https:\\\/\\\/holisante.com\\\/\",\"name\":\"Centre Holisant\u00e9\",\"description\":\"Centre de m\u00e9decine holistique et alternative\",\"publisher\":{\"@id\":\"https:\\\/\\\/holisante.com\\\/#organization\"},\"potentialAction\":[{\"@type\":\"SearchAction\",\"target\":{\"@type\":\"EntryPoint\",\"urlTemplate\":\"https:\\\/\\\/holisante.com\\\/?s={search_term_string}\"},\"query-input\":{\"@type\":\"PropertyValueSpecification\",\"valueRequired\":true,\"valueName\":\"search_term_string\"}}],\"inLanguage\":\"en-US\"},{\"@type\":\"Organization\",\"@id\":\"https:\\\/\\\/holisante.com\\\/#organization\",\"name\":\"Centre Holisant\u00e9\",\"url\":\"https:\\\/\\\/holisante.com\\\/\",\"logo\":{\"@type\":\"ImageObject\",\"inLanguage\":\"en-US\",\"@id\":\"https:\\\/\\\/holisante.com\\\/#\\\/schema\\\/logo\\\/image\\\/\",\"url\":\"https:\\\/\\\/holisante.com\\\/wp-content\\\/uploads\\\/2022\\\/03\\\/Beauty-logo.png\",\"contentUrl\":\"https:\\\/\\\/holisante.com\\\/wp-content\\\/uploads\\\/2022\\\/03\\\/Beauty-logo.png\",\"width\":790,\"height\":680,\"caption\":\"Centre Holisant\u00e9\"},\"image\":{\"@id\":\"https:\\\/\\\/holisante.com\\\/#\\\/schema\\\/logo\\\/image\\\/\"}}]}<\/script>\n<!-- \/ Yoast SEO plugin. -->","yoast_head_json":{"title":"Contact - Centre Holisant\u00e9","robots":{"index":"index","follow":"follow","max-snippet":"max-snippet:-1","max-image-preview":"max-image-preview:large","max-video-preview":"max-video-preview:-1"},"canonical":"https:\/\/holisante.com\/index.php\/contact\/","og_locale":"en_US","og_type":"article","og_title":"Contact - Centre Holisant\u00e9","og_description":"Centre Holisant\u00e9 114 Imp. du Lanfonnet, 74410 Saint-Jorioz Eric Colomb\u00a0: caberic@live.fr +33 6 61 72 26 15 Prix de la consultation : M\u00e9decine traditionnelle chinoise : 70\u20ac Massage Lomi Lomi : 80\u20ac La carte bancaire n&#8217;est pas accept\u00e9e R\u00e9server en ligne Nos Th\u00e9rapeutes Eric Colomb Th\u00e9rapeute","og_url":"https:\/\/holisante.com\/index.php\/contact\/","og_site_name":"Centre Holisant\u00e9","article_modified_time":"2026-03-26T14:42:13+00:00","og_image":[{"url":"http:\/\/holisante.com\/wp-content\/uploads\/elementor\/thumbs\/Eric-Colomb-square-pmhstauibn68eowm9hi1rxd9ij40834pm5czkxi8g4.jpg","type":"","width":"","height":""}],"twitter_card":"summary_large_image","twitter_misc":{"Est. reading time":"1 minute"},"schema":{"@context":"https:\/\/schema.org","@graph":[{"@type":"WebPage","@id":"https:\/\/holisante.com\/index.php\/contact\/","url":"https:\/\/holisante.com\/index.php\/contact\/","name":"Contact - Centre Holisant\u00e9","isPartOf":{"@id":"https:\/\/holisante.com\/#website"},"primaryImageOfPage":{"@id":"https:\/\/holisante.com\/index.php\/contact\/#primaryimage"},"image":{"@id":"https:\/\/holisante.com\/index.php\/contact\/#primaryimage"},"thumbnailUrl":"http:\/\/holisante.com\/wp-content\/uploads\/elementor\/thumbs\/Eric-Colomb-square-pmhstauibn68eowm9hi1rxd9ij40834pm5czkxi8g4.jpg","datePublished":"2021-11-21T15:14:44+00:00","dateModified":"2026-03-26T14:42:13+00:00","breadcrumb":{"@id":"https:\/\/holisante.com\/index.php\/contact\/#breadcrumb"},"inLanguage":"en-US","potentialAction":[{"@type":"ReadAction","target":["https:\/\/holisante.com\/index.php\/contact\/"]}]},{"@type":"ImageObject","inLanguage":"en-US","@id":"https:\/\/holisante.com\/index.php\/contact\/#primaryimage","url":"http:\/\/holisante.com\/wp-content\/uploads\/elementor\/thumbs\/Eric-Colomb-square-pmhstauibn68eowm9hi1rxd9ij40834pm5czkxi8g4.jpg","contentUrl":"http:\/\/holisante.com\/wp-content\/uploads\/elementor\/thumbs\/Eric-Colomb-square-pmhstauibn68eowm9hi1rxd9ij40834pm5czkxi8g4.jpg"},{"@type":"BreadcrumbList","@id":"https:\/\/holisante.com\/index.php\/contact\/#breadcrumb","itemListElement":[{"@type":"ListItem","position":1,"name":"Home","item":"https:\/\/holisante.com\/"},{"@type":"ListItem","position":2,"name":"Contact"}]},{"@type":"WebSite","@id":"https:\/\/holisante.com\/#website","url":"https:\/\/holisante.com\/","name":"Centre Holisant\u00e9","description":"Centre de m\u00e9decine holistique et alternative","publisher":{"@id":"https:\/\/holisante.com\/#organization"},"potentialAction":[{"@type":"SearchAction","target":{"@type":"EntryPoint","urlTemplate":"https:\/\/holisante.com\/?s={search_term_string}"},"query-input":{"@type":"PropertyValueSpecification","valueRequired":true,"valueName":"search_term_string"}}],"inLanguage":"en-US"},{"@type":"Organization","@id":"https:\/\/holisante.com\/#organization","name":"Centre Holisant\u00e9","url":"https:\/\/holisante.com\/","logo":{"@type":"ImageObject","inLanguage":"en-US","@id":"https:\/\/holisante.com\/#\/schema\/logo\/image\/","url":"https:\/\/holisante.com\/wp-content\/uploads\/2022\/03\/Beauty-logo.png","contentUrl":"https:\/\/holisante.com\/wp-content\/uploads\/2022\/03\/Beauty-logo.png","width":790,"height":680,"caption":"Centre Holisant\u00e9"},"image":{"@id":"https:\/\/holisante.com\/#\/schema\/logo\/image\/"}}]}},"_links":{"self":[{"href":"https:\/\/holisante.com\/index.php\/wp-json\/wp\/v2\/pages\/16","targetHints":{"allow":["GET"]}}],"collection":[{"href":"https:\/\/holisante.com\/index.php\/wp-json\/wp\/v2\/pages"}],"about":[{"href":"https:\/\/holisante.com\/index.php\/wp-json\/wp\/v2\/types\/page"}],"author":[{"embeddable":true,"href":"https:\/\/holisante.com\/index.php\/wp-json\/wp\/v2\/users\/1"}],"replies":[{"embeddable":true,"href":"https:\/\/holisante.com\/index.php\/wp-json\/wp\/v2\/comments?post=16"}],"version-history":[{"count":70,"href":"https:\/\/holisante.com\/index.php\/wp-json\/wp\/v2\/pages\/16\/revisions"}],"predecessor-version":[{"id":2332,"href":"https:\/\/holisante.com\/index.php\/wp-json\/wp\/v2\/pages\/16\/revisions\/2332"}],"wp:attachment":[{"href":"https:\/\/holisante.com\/index.php\/wp-json\/wp\/v2\/media?parent=16"}],"curies":[{"name":"wp","href":"https:\/\/api.w.org\/{rel}","templated":true}]}}